{"id":213,"date":"2017-08-05T14:42:29","date_gmt":"2017-08-05T12:42:29","guid":{"rendered":"http:\/\/misterschnabel.de\/?page_id=213"},"modified":"2017-08-05T16:06:50","modified_gmt":"2017-08-05T14:06:50","slug":"213-2","status":"publish","type":"page","link":"https:\/\/misterschnabel.de\/","title":{"rendered":"<span style=\"padding-top:96px\" id=\"mrschnabel\">MR.SCHNABEL<\/span>"},"content":{"rendered":"<div id=\"pl-213\"  class=\"panel-layout\" ><div id=\"pg-213-0\"  class=\"panel-grid panel-no-style\" ><div id=\"pgc-213-0-0\"  class=\"panel-grid-cell\" ><div id=\"panel-213-0-0-0\" class=\"so-panel widget widget_sow-editor panel-first-child panel-last-child\" data-index=\"0\" ><div\n\t\t\t\n\t\t\tclass=\"so-widget-sow-editor so-widget-sow-editor-base\"\n\t\t\t\n\t\t><h3 class=\"widget-title\">Mr.Schnabel<\/h3>\n<div class=\"siteorigin-widget-tinymce textwidget\">\n\t<p>... begann Anfang der 80er Jahre zun\u00e4chst auf Englisch zu rappen, wechselte jedoch Anfang der 90er als einer der ersten Rapper in Hamburg zur deutschen Sprache. Gemeinsam mit DJ York und TC gr\u00fcndete er die Formation Dialektik. Gemeinsam hatten sie zahlreiche Auftritte auf diversen Jams in Deutschland. Jedoch war diese Formation nicht sehr langlebig und so l\u00f6sten sie sich 1996 auf.<\/p>\n<p>Nach Dialektik produzierte Schnabel gemeinsam mit Dennis Kraus (Backspin) ein Demo, welches dem Produzenten Sleepwalker aus den BoogieParkStudios in die H\u00e4nde fiel. Beide waren von Schnabels Talent \u00fcberzeugt und so entstand mit deren Unterst\u00fctzung schnell ein zweites Demo. Dieses Demo landete auf dem Tisch des Produzenten Andreas Herbig, welcher ebenfalls das Talent des Rappers erkannte und ihm so zu seinem ersten Deal mit Showdown Records \/ Warner Music verhalf. In dieser Zeit schloss sich DJ Ben Kenobi Mr. Schnabel an.<\/p>\n<p>1997 bis 2002 war Mr. Schnabel Mitglied der Mongo Clikke. Diese war ein Zusammenschluss verschiedener K\u00fcnstler aus dem Eimsbush Umfeld. Auch K\u00fcnstler wie Schnabel, mit Plattenvertrag bei anderen Labels waren Teil der Mongo Clikke. Unter dem Projekt Style Liga wurden Singles und Sampler ver\u00f6ffentlicht. Alle Artists traten unter einem Pseudonym auf, \u201eto save the guilty\u201c. Eine gemeinsame Tour durch Deutschland, \u00d6sterreich und Schweiz folgte.<\/p>\n<p>1998 folgte die erste EP mit dem Titel Mic Check und ein Jahr sp\u00e4ter, 1999, Ep Nr. 2 mit dem Titel Ruff in die Micros. Das Video zu Ruff in die Micros wurde von den Sendern MTV und VIVA auf Rotation genommen. Es folgten eine erste Tour mit F\u00fcnf Sterne Deluxe, sowie diverse Auftritte, u.a. beim Splash und Flash Festival.<\/p>\n<p>Im Mai 2001 ver\u00f6ffentlichte Mr. Schnabel sein erstes Studioalbum Is\u2019n Schnabelding, welches in die Top 50 der Charts einstieg.<\/p>\n<p>2004 folgte die Trennung von Showdown und Mr. Schnabel gr\u00fcndete gemeinsam mit DJ Meru sein eigenes Label Howie Like It, wo er unter neuem K\u00fcnstlernamen Howie Do als Produzent, Rapper und Ghostwriter in Erscheinung tritt. Es folgten Produktionen f\u00fcr Samy Deluxe, Hamburgs Finest, Vier Viertel und Die Headliners, sowie drei Mixtapes, die er unter Howie Like It ver\u00f6ffentlichte. snable_text<\/p>\n<p>2006 schlie\u00dft er sich zusammen mit dem Produzenten Spintec. Sie f\u00fchren fortan gemeinsam das Label Howie Like It, werden Teil des Eurostreetz Movements und nehmen die Produzenten Danny The Cool und Many Beats mit ins Team.<\/p>\n<p>2008 erfolgte \u00fcber Howie Like It\/Finetunes die erste rein digitale Ver\u00f6ffentlichung mit der Sampler-Reihe Global Tactics Volume 1, welche sp\u00e4ter 2010 mit Global Tactics 1.5 \u2013 The Landing fortgesetzt wurde. Auf den Samplerreihen sind neben Howie Do diverse internationale Rapk\u00fcnstler wie Lil\u2019 Flip, 40 Cal und J. R. Writer (Diplomats), Riot Squad, Lazee, Eurogang, Stella Mwangi und weitere vertreten. Der Gro\u00dfteil der Produktionen stammte von Howie Like It \u2013 Produzenten.<\/p>\n<p>Ende 2010 erfolgte die n\u00e4chste Ver\u00f6ffentlichung \u00fcber Howie Like It in Zusammenarbeit mit Eurogang, Eurostreetz und Selfmade Records, welche den Rapper Kollegah in das gemeinsame Projekt einbauten. Wieder wurde vom Howie Like It \u2013 Produzenten Spintec produziert und Howie Do lieferte Rap-Parts.<\/p>\n<p>Ende 2011 erscheint die Single \u201eWeinende Kerzen\u201c. Sie ist die erste Auskopplung einer als Trilogie angesetzten Reihe aus dem geplanten Comeback Album. Wie in den Jahren zuvor erscheint auch diese rein digital \u00fcber das eigene Label Howie Like It.<\/p>\n<p>Anfang 2012 folgen die Auskopplungen Neue Zeit und Ready 2 Takeover mit 40Cal (Diplomats), Charlie Clips, Lazee, Taj Mahal, Toolez, Gramz4Sale (Dipset West) und Eurostreetz. Beide Singles wurden vom Howie Like It Produzenten Spintec produziert.<\/p>\n<\/div>\n<\/div><\/div><\/div><\/div><\/div>","protected":false},"excerpt":{"rendered":"<p>&#8230; begann Anfang der 80er Jahre zun\u00e4chst auf Englisch zu rappen, wechselte jedoch Anfang der 90er als einer der ersten Rapper in Hamburg zur deutschen Sprache. Gemeinsam mit DJ York und TC gr\u00fcndete er die Formation Dialektik. Gemeinsam hatten sie zahlreiche Auftritte auf diversen Jams in Deutschland. Jedoch war diese Formation nicht sehr langlebig und &hellip; <\/p>\n<p class=\"link-more\"><a href=\"https:\/\/misterschnabel.de\/\" class=\"more-link\"><span class=\"screen-reader-text\">\u201e<span style=\"padding-top:96px\" id=\"mrschnabel\">MR.SCHNABEL<\/span>\u201c <\/span>weiterlesen<\/a><\/p>\n","protected":false},"author":1,"featured_media":0,"parent":0,"menu_order":0,"comment_status":"closed","ping_status":"closed","template":"","meta":{"footnotes":""},"class_list":["post-213","page","type-page","status-publish","hentry"],"_links":{"self":[{"href":"https:\/\/misterschnabel.de\/index.php?rest_route=\/wp\/v2\/pages\/213","targetHints":{"allow":["GET"]}}],"collection":[{"href":"https:\/\/misterschnabel.de\/index.php?rest_route=\/wp\/v2\/pages"}],"about":[{"href":"https:\/\/misterschnabel.de\/index.php?rest_route=\/wp\/v2\/types\/page"}],"author":[{"embeddable":true,"href":"https:\/\/misterschnabel.de\/index.php?rest_route=\/wp\/v2\/users\/1"}],"replies":[{"embeddable":true,"href":"https:\/\/misterschnabel.de\/index.php?rest_route=%2Fwp%2Fv2%2Fcomments&post=213"}],"version-history":[{"count":10,"href":"https:\/\/misterschnabel.de\/index.php?rest_route=\/wp\/v2\/pages\/213\/revisions"}],"predecessor-version":[{"id":408,"href":"https:\/\/misterschnabel.de\/index.php?rest_route=\/wp\/v2\/pages\/213\/revisions\/408"}],"wp:attachment":[{"href":"https:\/\/misterschnabel.de\/index.php?rest_route=%2Fwp%2Fv2%2Fmedia&parent=213"}],"curies":[{"name":"wp","href":"https:\/\/api.w.org\/{rel}","templated":true}]}}